{"id":7228,"date":"2026-02-02T01:38:51","date_gmt":"2026-02-01T21:38:51","guid":{"rendered":"https:\/\/nujumsahara.com\/?post_type=product&#038;p=7228"},"modified":"2026-04-07T16:15:35","modified_gmt":"2026-04-07T12:15:35","slug":"spiruline-120-comprimes","status":"publish","type":"product","link":"https:\/\/nujumsahara.com\/fr\/product\/spirulina-120-tablets\/","title":{"rendered":"Spiruline 120 comprim\u00e9s"},"content":{"rendered":"<p>DXN Spirulina Tablet est un compl\u00e9ment de sant\u00e9 naturel \u00e0 base d'algues bleues riches en nutriments, cultiv\u00e9es sans pesticides, contenant des prot\u00e9ines, des vitamines, des min\u00e9raux, des antioxydants et de la chlorophylle, servant d'aliment alcalin pour stimuler le bien-\u00eatre g\u00e9n\u00e9ral, l'\u00e9nergie et l'immunit\u00e9 pour tous les \u00e2ges, disponible sous forme de comprim\u00e9s pratiques pour une consommation ais\u00e9e.<br \/>\n<strong>Principales caract\u00e9ristiques et avantages :<\/strong><br \/>\nUn concentr\u00e9 de nutriments : Riche en prot\u00e9ines, en b\u00eata-carot\u00e8ne, en vitamines (comme les vitamines B), en min\u00e9raux et en antioxydants (comme la phycocyanine).<br \/>\nNaturel et s\u00fbr : Cultiv\u00e9 dans des \u00e9tangs propres sans pesticides ni herbicides, ce qui le rend 100% naturel et non toxique.<br \/>\nAliments alcalins : aident \u00e0 \u00e9quilibrer les niveaux de pH de l'organisme, ce qui favorise une meilleure sant\u00e9.<br \/>\nSoutien immunitaire : Les antioxydants aident \u00e0 combattre le stress oxydatif et l'inflammation, renfor\u00e7ant ainsi le syst\u00e8me immunitaire.<br \/>\n\u00c9nergie et concentration : Favorise l'am\u00e9lioration de l'\u00e9nergie, de la concentration, de la force musculaire et de l'endurance, id\u00e9al pour les athl\u00e8tes et les personnes occup\u00e9es.<br \/>\nPratique : Disponible sous forme de comprim\u00e9s ou de poudre, c'est un moyen simple d'ajouter des nutriments \u00e0 votre r\u00e9gime alimentaire.<br \/>\n<strong>Comment il est fabriqu\u00e9 :<\/strong><br \/>\nDXN supervise l'ensemble du processus, de la culture au produit fini, afin d'en garantir la qualit\u00e9.<br \/>\nDes esp\u00e8ces s\u00e9lectionn\u00e9es de Spirulina platensis sont cultiv\u00e9es dans des environnements contr\u00f4l\u00e9s et propres.<br \/>\n<strong>Qui peut le prendre ?<\/strong><br \/>\nLes personnes soucieuses de leur sant\u00e9, les sportifs, les professionnels occup\u00e9s, les \u00e9tudiants, les v\u00e9g\u00e9tariens et les v\u00e9g\u00e9taliens.<br \/>\nConvient aux enfants, aux adultes et aux personnes \u00e2g\u00e9es.<\/p>","protected":false},"excerpt":{"rendered":"<p>DXN Spirulina Tablet est un compl\u00e9ment de sant\u00e9 naturel \u00e0 base d'algues bleues riches en nutriments, cultiv\u00e9es sans pesticides, contenant des prot\u00e9ines, des vitamines, des min\u00e9raux, des antioxydants et de la chlorophylle, servant d'aliment alcalin pour stimuler le bien-\u00eatre g\u00e9n\u00e9ral, l'\u00e9nergie et l'immunit\u00e9 pour tous les \u00e2ges, disponible sous forme de comprim\u00e9s pratiques pour une consommation ais\u00e9e.<\/p>","protected":false},"featured_media":7626,"comment_status":"open","ping_status":"closed","template":"","meta":[],"product_brand":[50],"product_cat":[53],"product_tag":[],"class_list":{"0":"post-7228","1":"product","2":"type-product","3":"status-publish","4":"has-post-thumbnail","6":"product_brand-dxn","7":"product_cat-food-supplements","9":"first","10":"instock","11":"taxable","12":"shipping-taxable","13":"purchasable","14":"product-type-simple"},"_links":{"self":[{"href":"https:\/\/nujumsahara.com\/fr\/wp-json\/wp\/v2\/product\/7228","targetHints":{"allow":["GET"]}}],"collection":[{"href":"https:\/\/nujumsahara.com\/fr\/wp-json\/wp\/v2\/product"}],"about":[{"href":"https:\/\/nujumsahara.com\/fr\/wp-json\/wp\/v2\/types\/product"}],"replies":[{"embeddable":true,"href":"https:\/\/nujumsahara.com\/fr\/wp-json\/wp\/v2\/comments?post=7228"}],"wp:featuredmedia":[{"embeddable":true,"href":"https:\/\/nujumsahara.com\/fr\/wp-json\/wp\/v2\/media\/7626"}],"wp:attachment":[{"href":"https:\/\/nujumsahara.com\/fr\/wp-json\/wp\/v2\/media?parent=7228"}],"wp:term":[{"taxonomy":"product_brand","embeddable":true,"href":"https:\/\/nujumsahara.com\/fr\/wp-json\/wp\/v2\/product_brand?post=7228"},{"taxonomy":"product_cat","embeddable":true,"href":"https:\/\/nujumsahara.com\/fr\/wp-json\/wp\/v2\/product_cat?post=7228"},{"taxonomy":"product_tag","embeddable":true,"href":"https:\/\/nujumsahara.com\/fr\/wp-json\/wp\/v2\/product_tag?post=7228"}],"curies":[{"name":"wp","href":"https:\/\/api.w.org\/{rel}","templated":true}]}}