{"id":7230,"date":"2026-02-02T01:38:51","date_gmt":"2026-02-01T21:38:51","guid":{"rendered":"https:\/\/nujumsahara.com\/?post_type=product&#038;p=7230"},"modified":"2026-03-08T11:17:44","modified_gmt":"2026-03-08T07:17:44","slug":"cereales-a-la-spiruline","status":"publish","type":"product","link":"https:\/\/nujumsahara.com\/fr\/product\/spirulina-cereal\/","title":{"rendered":"C\u00e9r\u00e9ales \u00e0 la spiruline"},"content":{"rendered":"<p>Les c\u00e9r\u00e9ales \u00e0 la spiruline DXN sont un petit-d\u00e9jeuner ou un en-cas instantan\u00e9 et nutritif compos\u00e9 de c\u00e9r\u00e9ales \u00e0 fibres de haute qualit\u00e9 et de poudre de spiruline riche en nutriments, offrant un substitut de repas \u00e9quilibr\u00e9 facile \u00e0 pr\u00e9parer en le m\u00e9langeant avec du lait ou de l'eau, pour une option saine, riche en fibres et sans cholest\u00e9rol pour tous les \u00e2ges. Il combine les bienfaits de la spiruline, connue comme un super-aliment \u00e9quilibr\u00e9, avec les fibres des c\u00e9r\u00e9ales, ce qui le rend adapt\u00e9 aux personnes tr\u00e8s occup\u00e9es ou aux personnes au r\u00e9gime.<br \/>\n<strong>Caract\u00e9ristiques principales et ingr\u00e9dients :<\/strong><br \/>\nRiche en nutriments : Enrichi en spiruline, une source puissante de vitamines, de min\u00e9raux et d'antioxydants.<br \/>\nRiche en fibres : Contient des c\u00e9r\u00e9ales riches en fibres, souvent recommand\u00e9es par les nutritionnistes.<br \/>\nInstantan\u00e9 et pratique : Pr\u00e9sent\u00e9 en sachets pour une pr\u00e9paration rapide.<br \/>\nRepas \u00e9quilibr\u00e9 : Con\u00e7u pour fournir un profil nutritionnel complet, note Healthline et DXN.<br \/>\nIngr\u00e9dients : Comprend g\u00e9n\u00e9ralement des c\u00e9r\u00e9ales, de la cr\u00e8me non laiti\u00e8re, de l'extrait de malt, de la poudre de spiruline et de l'ar\u00f4me de vanille.<br \/>\n<strong>Mode d'emploi :<\/strong><br \/>\nIl suffit de m\u00e9langer un sachet \u00e0 un verre de lait ou d'eau froide.<br \/>\nAvantages :<br \/>\nApporte les nutriments essentiels de la spiruline.<br \/>\nOffre une alternative d'alimentation \u00e9quilibr\u00e9e.<br \/>\nUn excellent choix pour un petit-d\u00e9jeuner ou un en-cas sain<\/p>","protected":false},"excerpt":{"rendered":"<p>Les c\u00e9r\u00e9ales \u00e0 la spiruline DXN sont un petit-d\u00e9jeuner ou un en-cas instantan\u00e9 et nutritif compos\u00e9 de c\u00e9r\u00e9ales \u00e0 fibres de haute qualit\u00e9 et de poudre de spiruline riche en nutriments, offrant un substitut de repas \u00e9quilibr\u00e9 facile \u00e0 pr\u00e9parer en le m\u00e9langeant avec du lait ou de l'eau, pour une option saine, riche en fibres et sans cholest\u00e9rol pour tous les \u00e2ges. Il combine les bienfaits de la spiruline, connue comme un super-aliment \u00e9quilibr\u00e9, avec les fibres des c\u00e9r\u00e9ales, ce qui le rend adapt\u00e9 aux personnes tr\u00e8s occup\u00e9es ou aux personnes au r\u00e9gime.<\/p>","protected":false},"featured_media":7630,"comment_status":"open","ping_status":"closed","template":"","meta":[],"product_brand":[50],"product_cat":[53],"product_tag":[],"class_list":{"0":"post-7230","1":"product","2":"type-product","3":"status-publish","4":"has-post-thumbnail","6":"product_brand-dxn","7":"product_cat-food-supplements","9":"first","10":"instock","11":"taxable","12":"shipping-taxable","13":"purchasable","14":"product-type-simple"},"_links":{"self":[{"href":"https:\/\/nujumsahara.com\/fr\/wp-json\/wp\/v2\/product\/7230","targetHints":{"allow":["GET"]}}],"collection":[{"href":"https:\/\/nujumsahara.com\/fr\/wp-json\/wp\/v2\/product"}],"about":[{"href":"https:\/\/nujumsahara.com\/fr\/wp-json\/wp\/v2\/types\/product"}],"replies":[{"embeddable":true,"href":"https:\/\/nujumsahara.com\/fr\/wp-json\/wp\/v2\/comments?post=7230"}],"wp:featuredmedia":[{"embeddable":true,"href":"https:\/\/nujumsahara.com\/fr\/wp-json\/wp\/v2\/media\/7630"}],"wp:attachment":[{"href":"https:\/\/nujumsahara.com\/fr\/wp-json\/wp\/v2\/media?parent=7230"}],"wp:term":[{"taxonomy":"product_brand","embeddable":true,"href":"https:\/\/nujumsahara.com\/fr\/wp-json\/wp\/v2\/product_brand?post=7230"},{"taxonomy":"product_cat","embeddable":true,"href":"https:\/\/nujumsahara.com\/fr\/wp-json\/wp\/v2\/product_cat?post=7230"},{"taxonomy":"product_tag","embeddable":true,"href":"https:\/\/nujumsahara.com\/fr\/wp-json\/wp\/v2\/product_tag?post=7230"}],"curies":[{"name":"wp","href":"https:\/\/api.w.org\/{rel}","templated":true}]}}