{"id":7231,"date":"2026-02-02T01:38:53","date_gmt":"2026-02-01T21:38:53","guid":{"rendered":"https:\/\/nujumsahara.com\/?post_type=product&#038;p=7231"},"modified":"2026-05-01T07:57:05","modified_gmt":"2026-05-01T03:57:05","slug":"spirunanas","status":"publish","type":"product","link":"https:\/\/nujumsahara.com\/fr\/product\/spirunanas\/","title":{"rendered":"Spirunanas"},"content":{"rendered":"<p>DXN Spirunanas est un snack cake de DXN ax\u00e9 sur la sant\u00e9, combinant des extraits de spiruline et de champignons Ganoderma riches en nutriments avec une garniture de confiture d'ananas dor\u00e9e, sucr\u00e9e et acidul\u00e9e, \u00e0 l'int\u00e9rieur d'une cro\u00fbte de p\u00e2te beurr\u00e9e, offrant un m\u00e9lange de bien-\u00eatre et de go\u00fbt dans une friandise pratique et emball\u00e9e individuellement.<br \/>\n<strong>Principaux composants et avantages :<\/strong><br \/>\nSpiruline : Une algue bleu-vert connue comme un super aliment, riche en nutriments, vitamines, antioxydants et prot\u00e9ines, favorisant l'immunit\u00e9 et l'\u00e9nergie.<br \/>\nGanoderma (champignon Reishi) : Champignon m\u00e9dicinal souvent utilis\u00e9 dans les produits DXN, connu pour ses propri\u00e9t\u00e9s antioxydantes.<br \/>\nConfiture d'ananas dor\u00e9 : Ajoute une saveur et une texture sucr\u00e9es et tropicales.<br \/>\nCro\u00fbte de p\u00e2te : Une d\u00e9licieuse enveloppe friable et beurr\u00e9e.<br \/>\n<strong>Exp\u00e9rience du produit :<\/strong><br \/>\nIl s'agit d'une collation ou d'un dessert pratique en une seule portion.<br \/>\nOffre un profil de go\u00fbt unique : sucr\u00e9, acidul\u00e9, beurr\u00e9 et l\u00e9g\u00e8rement terreux gr\u00e2ce \u00e0 la spiruline.<br \/>\nCon\u00e7u comme un en-cas plus sain, il incorpore des super-aliments dans une friandise famili\u00e8re.<br \/>\nPar essence, DXN Spirunanas est la fusion d'une p\u00e2tisserie traditionnelle et d'ingr\u00e9dients fonctionnels, commercialis\u00e9e pour sa valeur nutritionnelle et son go\u00fbt d\u00e9licieux.<\/p>","protected":false},"excerpt":{"rendered":"<p>DXN Spirunanas est un snack cake de DXN ax\u00e9 sur la sant\u00e9, combinant des extraits de spiruline et de champignons Ganoderma riches en nutriments avec une garniture de confiture d'ananas dor\u00e9e, sucr\u00e9e et acidul\u00e9e, \u00e0 l'int\u00e9rieur d'une cro\u00fbte de p\u00e2te beurr\u00e9e, offrant un m\u00e9lange de bien-\u00eatre et de go\u00fbt dans une friandise pratique et emball\u00e9e individuellement.<\/p>","protected":false},"featured_media":7631,"comment_status":"open","ping_status":"closed","template":"","meta":[],"product_brand":[50],"product_cat":[54],"product_tag":[],"class_list":{"0":"post-7231","1":"product","2":"type-product","3":"status-publish","4":"has-post-thumbnail","6":"product_brand-dxn","7":"product_cat-food-beverages","9":"first","10":"outofstock","11":"taxable","12":"shipping-taxable","13":"purchasable","14":"product-type-simple"},"_links":{"self":[{"href":"https:\/\/nujumsahara.com\/fr\/wp-json\/wp\/v2\/product\/7231","targetHints":{"allow":["GET"]}}],"collection":[{"href":"https:\/\/nujumsahara.com\/fr\/wp-json\/wp\/v2\/product"}],"about":[{"href":"https:\/\/nujumsahara.com\/fr\/wp-json\/wp\/v2\/types\/product"}],"replies":[{"embeddable":true,"href":"https:\/\/nujumsahara.com\/fr\/wp-json\/wp\/v2\/comments?post=7231"}],"wp:featuredmedia":[{"embeddable":true,"href":"https:\/\/nujumsahara.com\/fr\/wp-json\/wp\/v2\/media\/7631"}],"wp:attachment":[{"href":"https:\/\/nujumsahara.com\/fr\/wp-json\/wp\/v2\/media?parent=7231"}],"wp:term":[{"taxonomy":"product_brand","embeddable":true,"href":"https:\/\/nujumsahara.com\/fr\/wp-json\/wp\/v2\/product_brand?post=7231"},{"taxonomy":"product_cat","embeddable":true,"href":"https:\/\/nujumsahara.com\/fr\/wp-json\/wp\/v2\/product_cat?post=7231"},{"taxonomy":"product_tag","embeddable":true,"href":"https:\/\/nujumsahara.com\/fr\/wp-json\/wp\/v2\/product_tag?post=7231"}],"curies":[{"name":"wp","href":"https:\/\/api.w.org\/{rel}","templated":true}]}}