{"id":7232,"date":"2026-02-02T01:38:53","date_gmt":"2026-02-01T21:38:53","guid":{"rendered":"https:\/\/nujumsahara.com\/?post_type=product&#038;p=7232"},"modified":"2026-04-02T15:32:50","modified_gmt":"2026-04-02T11:32:50","slug":"sucre","status":"publish","type":"product","link":"https:\/\/nujumsahara.com\/fr\/product\/sugar\/","title":{"rendered":"Sucre"},"content":{"rendered":"<p>Le sucre DXN est un type de sucre de canne granul\u00e9 qui vous apportera plus qu'un simple go\u00fbt sucr\u00e9 ! Il noie certaines des notes les plus d\u00e9licates de vos aliments et boissons, en particulier le caf\u00e9 ou le th\u00e9, sans en g\u00e2cher le go\u00fbt et l'ar\u00f4me naturellement forts. Il modifie la saveur pour la rendre parfaitement \u00e9quilibr\u00e9e, ce qui se r\u00e9percute sur la sapidit\u00e9 et la sensation en bouche de votre caf\u00e9 ou de votre th\u00e9. Il est \u00e9galement conditionn\u00e9 en portions individuelles dans des sachets d'aluminium recouverts de papier pour des raisons d'hygi\u00e8ne et de commodit\u00e9.<\/p>\n<p>&nbsp;<\/p>\n<p>&nbsp;<\/p>","protected":false},"excerpt":{"rendered":"<p>DXN propose plusieurs produits \u00e9dulcorants, principalement le sucre de canne granul\u00e9 DXN et le sucre de coco DXN, ainsi que d'autres produits sans sucre ou contenant des substituts de sucre.<\/p>","protected":false},"featured_media":7632,"comment_status":"open","ping_status":"closed","template":"","meta":[],"product_brand":[50],"product_cat":[54],"product_tag":[],"class_list":{"0":"post-7232","1":"product","2":"type-product","3":"status-publish","4":"has-post-thumbnail","6":"product_brand-dxn","7":"product_cat-food-beverages","9":"first","10":"instock","11":"taxable","12":"shipping-taxable","13":"purchasable","14":"product-type-simple"},"_links":{"self":[{"href":"https:\/\/nujumsahara.com\/fr\/wp-json\/wp\/v2\/product\/7232","targetHints":{"allow":["GET"]}}],"collection":[{"href":"https:\/\/nujumsahara.com\/fr\/wp-json\/wp\/v2\/product"}],"about":[{"href":"https:\/\/nujumsahara.com\/fr\/wp-json\/wp\/v2\/types\/product"}],"replies":[{"embeddable":true,"href":"https:\/\/nujumsahara.com\/fr\/wp-json\/wp\/v2\/comments?post=7232"}],"wp:featuredmedia":[{"embeddable":true,"href":"https:\/\/nujumsahara.com\/fr\/wp-json\/wp\/v2\/media\/7632"}],"wp:attachment":[{"href":"https:\/\/nujumsahara.com\/fr\/wp-json\/wp\/v2\/media?parent=7232"}],"wp:term":[{"taxonomy":"product_brand","embeddable":true,"href":"https:\/\/nujumsahara.com\/fr\/wp-json\/wp\/v2\/product_brand?post=7232"},{"taxonomy":"product_cat","embeddable":true,"href":"https:\/\/nujumsahara.com\/fr\/wp-json\/wp\/v2\/product_cat?post=7232"},{"taxonomy":"product_tag","embeddable":true,"href":"https:\/\/nujumsahara.com\/fr\/wp-json\/wp\/v2\/product_tag?post=7232"}],"curies":[{"name":"wp","href":"https:\/\/api.w.org\/{rel}","templated":true}]}}