{"id":7233,"date":"2026-02-02T01:38:53","date_gmt":"2026-02-01T21:38:53","guid":{"rendered":"https:\/\/nujumsahara.com\/?post_type=product&#038;p=7233"},"modified":"2026-04-02T15:33:28","modified_gmt":"2026-04-02T11:33:28","slug":"talc","status":"publish","type":"product","link":"https:\/\/nujumsahara.com\/fr\/product\/talcum-powder\/","title":{"rendered":"Poudre de talc"},"content":{"rendered":"<p>Le talc DXN est une poudre corporelle parfum\u00e9e fabriqu\u00e9e par DXN, con\u00e7ue pour garder la peau fra\u00eeche, s\u00e8che et douce toute la journ\u00e9e en absorbant l'humidit\u00e9, en contr\u00f4lant la transpiration et en pr\u00e9venant les irritations. Il offre une sensation de fra\u00eecheur gr\u00e2ce au menthol et des bienfaits pour la peau gr\u00e2ce \u00e0 l'extrait de Ganoderma, ce qui le rend id\u00e9al par temps chaud et pour un usage quotidien, pour le confort et la confiance en soi.<br \/>\n<strong>Principales caract\u00e9ristiques et avantages :<\/strong><br \/>\nAbsorption de l'humidit\u00e9 : Absorbe efficacement la transpiration et l'humidit\u00e9 pour garder la peau s\u00e8che et confortable.<br \/>\nSensation de fra\u00eecheur : Contient du menthol pour une sensation de fra\u00eecheur, id\u00e9al pour les climats chauds.<br \/>\nSant\u00e9 de la peau : Infus\u00e9 avec de l'extrait de Ganoderma, connu pour ses propri\u00e9t\u00e9s antioxydantes et anti-inflammatoires qui aident \u00e0 apaiser la peau.<br \/>\nParfum agr\u00e9able : Luxueusement parfum\u00e9 pour offrir un ar\u00f4me frais qui renforce la confiance en soi.<br \/>\nPr\u00e9vient les irritations : Aide \u00e0 pr\u00e9venir la chaleur piquante, les \u00e9ruptions cutan\u00e9es et l'inconfort g\u00e9n\u00e9ral de la peau.<br \/>\nSensation de douceur : laisse la peau douce et soyeuse.<br \/>\n<strong>Ingr\u00e9dients :<\/strong><br \/>\nTalc<br \/>\nExtrait de Ganoderma Lucidum (champignon)<br \/>\nMenthol<br \/>\nParfum<br \/>\n<strong>Id\u00e9al pour :<\/strong><br \/>\nUtilisation quotidienne pour maintenir l'hygi\u00e8ne et le confort.<br \/>\nSoulage la chaleur piquante et l'irritation de la peau.<br \/>\nSensation de fra\u00eecheur et de vivacit\u00e9, surtout par temps humide.<\/p>","protected":false},"excerpt":{"rendered":"<p>Le talc DXN est une poudre corporelle parfum\u00e9e fabriqu\u00e9e par DXN, con\u00e7ue pour garder la peau fra\u00eeche, s\u00e8che et douce toute la journ\u00e9e en absorbant l'humidit\u00e9, en contr\u00f4lant la transpiration et en pr\u00e9venant les irritations. Il offre une sensation de fra\u00eecheur gr\u00e2ce au menthol et des bienfaits pour la peau gr\u00e2ce \u00e0 l'extrait de Ganoderma, ce qui le rend id\u00e9al par temps chaud et pour un usage quotidien, pour le confort et la confiance en soi.<\/p>","protected":false},"featured_media":7633,"comment_status":"open","ping_status":"closed","template":"","meta":[],"product_brand":[50],"product_cat":[52],"product_tag":[],"class_list":{"0":"post-7233","1":"product","2":"type-product","3":"status-publish","4":"has-post-thumbnail","6":"product_brand-dxn","7":"product_cat-skin-care-cosmetics","9":"first","10":"instock","11":"taxable","12":"shipping-taxable","13":"purchasable","14":"product-type-simple"},"_links":{"self":[{"href":"https:\/\/nujumsahara.com\/fr\/wp-json\/wp\/v2\/product\/7233","targetHints":{"allow":["GET"]}}],"collection":[{"href":"https:\/\/nujumsahara.com\/fr\/wp-json\/wp\/v2\/product"}],"about":[{"href":"https:\/\/nujumsahara.com\/fr\/wp-json\/wp\/v2\/types\/product"}],"replies":[{"embeddable":true,"href":"https:\/\/nujumsahara.com\/fr\/wp-json\/wp\/v2\/comments?post=7233"}],"wp:featuredmedia":[{"embeddable":true,"href":"https:\/\/nujumsahara.com\/fr\/wp-json\/wp\/v2\/media\/7633"}],"wp:attachment":[{"href":"https:\/\/nujumsahara.com\/fr\/wp-json\/wp\/v2\/media?parent=7233"}],"wp:term":[{"taxonomy":"product_brand","embeddable":true,"href":"https:\/\/nujumsahara.com\/fr\/wp-json\/wp\/v2\/product_brand?post=7233"},{"taxonomy":"product_cat","embeddable":true,"href":"https:\/\/nujumsahara.com\/fr\/wp-json\/wp\/v2\/product_cat?post=7233"},{"taxonomy":"product_tag","embeddable":true,"href":"https:\/\/nujumsahara.com\/fr\/wp-json\/wp\/v2\/product_tag?post=7233"}],"curies":[{"name":"wp","href":"https:\/\/api.w.org\/{rel}","templated":true}]}}