{"id":7234,"date":"2026-02-02T01:38:53","date_gmt":"2026-02-01T21:38:53","guid":{"rendered":"https:\/\/nujumsahara.com\/?post_type=product&#038;p=7234"},"modified":"2026-03-08T11:17:52","modified_gmt":"2026-03-08T07:17:52","slug":"creme-a-larbre-a-the","status":"publish","type":"product","link":"https:\/\/nujumsahara.com\/fr\/product\/tea-tree-cream\/","title":{"rendered":"Cr\u00e8me \u00e0 l'arbre \u00e0 th\u00e9"},"content":{"rendered":"<p>La cr\u00e8me \u00e0 l'arbre \u00e0 th\u00e9 de DXN est une cr\u00e8me naturelle \u00e0 base de plantes, enrichie d'huile d'arbre \u00e0 th\u00e9 pure, connue pour ses propri\u00e9t\u00e9s antibact\u00e9riennes, antifongiques et anti-inflammatoires, con\u00e7ue pour apaiser, hydrater et prot\u00e9ger la peau, en aidant \u00e0 r\u00e9soudre des probl\u00e8mes tels que l'acn\u00e9, les \u00e9ruptions cutan\u00e9es, les piq\u00fbres d'insectes et en promouvant l'hygi\u00e8ne cutan\u00e9e g\u00e9n\u00e9rale pour toute la famille. Il est facilement absorb\u00e9 et laisse une sensation de fra\u00eecheur sur la peau.<br \/>\n<strong>Principales caract\u00e9ristiques et avantages :<\/strong><br \/>\nApaisant et protecteur : Soulage les irritations et aide \u00e0 prot\u00e9ger contre les infections cutan\u00e9es mineures.<br \/>\nIngr\u00e9dients naturels : Utilise l'huile d'arbre \u00e0 th\u00e9, connue pour ses qualit\u00e9s antiseptiques et anti-inflammatoires.<br \/>\nUtilisation polyvalente : Bon pour l'acn\u00e9, les boutons, les imperfections, les piq\u00fbres d'insectes et les coupures mineures.<br \/>\nAbsorption rapide : La formule l\u00e9g\u00e8re et non grasse p\u00e9n\u00e8tre rapidement dans la peau.<br \/>\nSans danger pour la famille : Suffisamment doux pour \u00eatre utilis\u00e9 par toute la famille pour les soins quotidiens de la peau.<br \/>\n<strong>Comment cela fonctionne-t-il ?<\/strong><br \/>\nPouvoir de l'huile d'arbre \u00e0 th\u00e9 : L'ingr\u00e9dient actif, l'huile d'arbre \u00e0 th\u00e9, combat naturellement les bact\u00e9ries et les champignons \u00e0 l'origine des probl\u00e8mes de peau.<br \/>\nHydrate : Aide \u00e0 garder la peau douce, lisse et hydrat\u00e9e.<br \/>\n<strong>Conseils d'utilisation :<\/strong><br \/>\nAppliquer r\u00e9guli\u00e8rement pour de meilleurs r\u00e9sultats, en particulier pour l'acn\u00e9.<\/p>","protected":false},"excerpt":{"rendered":"<p>La cr\u00e8me \u00e0 l'arbre \u00e0 th\u00e9 de DXN est une cr\u00e8me naturelle \u00e0 base de plantes, enrichie d'huile d'arbre \u00e0 th\u00e9 pure, connue pour ses propri\u00e9t\u00e9s antibact\u00e9riennes, antifongiques et anti-inflammatoires, con\u00e7ue pour apaiser, hydrater et prot\u00e9ger la peau, en aidant \u00e0 r\u00e9soudre des probl\u00e8mes tels que l'acn\u00e9, les \u00e9ruptions cutan\u00e9es, les piq\u00fbres d'insectes et en promouvant l'hygi\u00e8ne cutan\u00e9e g\u00e9n\u00e9rale pour toute la famille. Il est facilement absorb\u00e9 et laisse une sensation de fra\u00eecheur sur la peau.<\/p>","protected":false},"featured_media":7634,"comment_status":"open","ping_status":"closed","template":"","meta":[],"product_brand":[50],"product_cat":[52],"product_tag":[],"class_list":{"0":"post-7234","1":"product","2":"type-product","3":"status-publish","4":"has-post-thumbnail","6":"product_brand-dxn","7":"product_cat-skin-care-cosmetics","9":"first","10":"instock","11":"taxable","12":"shipping-taxable","13":"purchasable","14":"product-type-simple"},"_links":{"self":[{"href":"https:\/\/nujumsahara.com\/fr\/wp-json\/wp\/v2\/product\/7234","targetHints":{"allow":["GET"]}}],"collection":[{"href":"https:\/\/nujumsahara.com\/fr\/wp-json\/wp\/v2\/product"}],"about":[{"href":"https:\/\/nujumsahara.com\/fr\/wp-json\/wp\/v2\/types\/product"}],"replies":[{"embeddable":true,"href":"https:\/\/nujumsahara.com\/fr\/wp-json\/wp\/v2\/comments?post=7234"}],"wp:featuredmedia":[{"embeddable":true,"href":"https:\/\/nujumsahara.com\/fr\/wp-json\/wp\/v2\/media\/7634"}],"wp:attachment":[{"href":"https:\/\/nujumsahara.com\/fr\/wp-json\/wp\/v2\/media?parent=7234"}],"wp:term":[{"taxonomy":"product_brand","embeddable":true,"href":"https:\/\/nujumsahara.com\/fr\/wp-json\/wp\/v2\/product_brand?post=7234"},{"taxonomy":"product_cat","embeddable":true,"href":"https:\/\/nujumsahara.com\/fr\/wp-json\/wp\/v2\/product_cat?post=7234"},{"taxonomy":"product_tag","embeddable":true,"href":"https:\/\/nujumsahara.com\/fr\/wp-json\/wp\/v2\/product_tag?post=7234"}],"curies":[{"name":"wp","href":"https:\/\/api.w.org\/{rel}","templated":true}]}}