{"id":7235,"date":"2026-02-02T01:38:53","date_gmt":"2026-02-01T21:38:53","guid":{"rendered":"https:\/\/nujumsahara.com\/?post_type=product&#038;p=7235"},"modified":"2026-03-19T04:57:01","modified_gmt":"2026-03-19T00:57:01","slug":"brosse-a-dents-pour-adultes","status":"publish","type":"product","link":"https:\/\/nujumsahara.com\/fr\/product\/toothbrush-for-adults\/","title":{"rendered":"Brosse \u00e0 dents (pour adultes)"},"content":{"rendered":"<p>Une brosse \u00e0 dents DXN est un outil d'hygi\u00e8ne bucco-dentaire, souvent dot\u00e9 d'un design ergonomique avec un gratte-langue\/joues \u00e0 l'arri\u00e8re et des poils doux et effil\u00e9s pour un nettoyage efficace. Elle est disponible en version plastique standard et en version bambou \u00e9cologique, et se concentre sur l'\u00e9limination de la plaque dentaire et la sant\u00e9 des gencives, en douceur mais avec minutie.<br \/>\n<strong>Caract\u00e9ristiques principales<\/strong><br \/>\nNettoyant pour la langue et les joues : Une surface stri\u00e9e \u00e0 l'arri\u00e8re de la t\u00eate de la brosse aide \u00e0 \u00e9liminer les bact\u00e9ries pour une haleine plus fra\u00eeche.<br \/>\nPoils : Les poils de haute qualit\u00e9, doux et effil\u00e9s, atteignent les lignes gingivales et les espaces interdentaires.<br \/>\nPoign\u00e9e ergonomique : Con\u00e7ue pour une prise en main confortable et antid\u00e9rapante pour un meilleur contr\u00f4le.<br \/>\nMassage des gencives : Certains mod\u00e8les sont dot\u00e9s de fonctions qui stimulent le flux sanguin vers les gencives.<br \/>\nOptions de mat\u00e9riaux : Disponible en plastique standard et en bambou biod\u00e9gradable, pour les consommateurs soucieux de l'environnement.<br \/>\n<strong>Objectif principal<\/strong><br \/>\nFournir un nettoyage complet, \u00e9liminer la plaque dentaire et promouvoir des gencives saines et une haleine fra\u00eeche, en mettant l'accent sur les soins doux et la responsabilit\u00e9 environnementale.<\/p>","protected":false},"excerpt":{"rendered":"<p>La brosse \u00e0 dents DXN est un outil d'hygi\u00e8ne bucco-dentaire, souvent dot\u00e9 d'un design ergonomique avec un gratte-langue\/joues \u00e0 l'arri\u00e8re et des poils doux et effil\u00e9s pour un nettoyage efficace. Elle est disponible en version plastique standard et en version bambou \u00e9cologique, et se concentre sur l'\u00e9limination de la plaque dentaire et la sant\u00e9 des gencives, en douceur mais avec minutie.<\/p>","protected":false},"featured_media":7635,"comment_status":"open","ping_status":"closed","template":"","meta":[],"product_brand":[50],"product_cat":[55],"product_tag":[],"class_list":{"0":"post-7235","1":"product","2":"type-product","3":"status-publish","4":"has-post-thumbnail","6":"product_brand-dxn","7":"product_cat-personal-care","9":"first","10":"instock","11":"taxable","12":"shipping-taxable","13":"purchasable","14":"product-type-simple"},"_links":{"self":[{"href":"https:\/\/nujumsahara.com\/fr\/wp-json\/wp\/v2\/product\/7235","targetHints":{"allow":["GET"]}}],"collection":[{"href":"https:\/\/nujumsahara.com\/fr\/wp-json\/wp\/v2\/product"}],"about":[{"href":"https:\/\/nujumsahara.com\/fr\/wp-json\/wp\/v2\/types\/product"}],"replies":[{"embeddable":true,"href":"https:\/\/nujumsahara.com\/fr\/wp-json\/wp\/v2\/comments?post=7235"}],"wp:featuredmedia":[{"embeddable":true,"href":"https:\/\/nujumsahara.com\/fr\/wp-json\/wp\/v2\/media\/7635"}],"wp:attachment":[{"href":"https:\/\/nujumsahara.com\/fr\/wp-json\/wp\/v2\/media?parent=7235"}],"wp:term":[{"taxonomy":"product_brand","embeddable":true,"href":"https:\/\/nujumsahara.com\/fr\/wp-json\/wp\/v2\/product_brand?post=7235"},{"taxonomy":"product_cat","embeddable":true,"href":"https:\/\/nujumsahara.com\/fr\/wp-json\/wp\/v2\/product_cat?post=7235"},{"taxonomy":"product_tag","embeddable":true,"href":"https:\/\/nujumsahara.com\/fr\/wp-json\/wp\/v2\/product_tag?post=7235"}],"curies":[{"name":"wp","href":"https:\/\/api.w.org\/{rel}","templated":true}]}}