{"id":7236,"date":"2026-02-02T01:38:53","date_gmt":"2026-02-01T21:38:53","guid":{"rendered":"https:\/\/nujumsahara.com\/?post_type=product&#038;p=7236"},"modified":"2026-04-02T15:34:26","modified_gmt":"2026-04-02T11:34:26","slug":"brosse-a-dents-pour-enfants","status":"publish","type":"product","link":"https:\/\/nujumsahara.com\/fr\/product\/toothbrush-for-children\/","title":{"rendered":"Brosse \u00e0 dents (pour les enfants)"},"content":{"rendered":"<p>La brosse \u00e0 dents DXN pour enfants est dot\u00e9e de poils souples et effil\u00e9s pour un nettoyage en douceur, d'un manche antid\u00e9rapant pour une prise en main facile et d'un gratte-langue\/joues int\u00e9gr\u00e9 qui \u00e9limine les bact\u00e9ries pour une haleine plus fra\u00eeche. Elle est con\u00e7ue pour rendre l'hygi\u00e8ne bucco-dentaire amusante et efficace pour les plus petits.<br \/>\n<strong>Caract\u00e9ristiques principales :<\/strong><br \/>\nPoils doux et effil\u00e9s : Douces pour les gencives et les dents sensibles, elles sont con\u00e7ues pour atteindre les espaces interdentaires et les lignes gingivales.<br \/>\nNettoyeur de langue et de joue : Une surface stri\u00e9e \u00e0 l'arri\u00e8re de la t\u00eate de la brosse permet d'\u00e9liminer les bact\u00e9ries responsables des odeurs pour une meilleure hygi\u00e8ne g\u00e9n\u00e9rale.<br \/>\nPoign\u00e9e facile \u00e0 saisir : Une poign\u00e9e confortable et antid\u00e9rapante aide les enfants \u00e0 garder le contr\u00f4le pour un meilleur brossage.<br \/>\nDesign adapt\u00e9 aux enfants : Favorise des habitudes de brossage saines gr\u00e2ce \u00e0 un toucher doux adapt\u00e9 aux enfants.<br \/>\n<strong>Pourquoi c'est bon pour les enfants :<\/strong><br \/>\nDoux mais efficace : Les poils souples nettoient sans irriter, tandis que le gratte-langue s'attaque aux bact\u00e9ries.<br \/>\nEncourage les bonnes habitudes : La conception permet un nettoyage confortable et complet, rendant le brossage moins p\u00e9nible.<br \/>\nFavorise une haleine fra\u00eeche : Le gratte-langue int\u00e9gr\u00e9 aide \u00e0 \u00e9liminer les bact\u00e9ries responsables de la mauvaise haleine.<\/p>","protected":false},"excerpt":{"rendered":"<p>La brosse \u00e0 dents DXN pour enfants est dot\u00e9e de poils souples et effil\u00e9s pour un nettoyage en douceur, d'un manche antid\u00e9rapant pour une prise en main facile et d'un gratte-langue\/joues int\u00e9gr\u00e9 pour \u00e9liminer les bact\u00e9ries et rafra\u00eechir l'haleine. Elle est con\u00e7ue pour rendre l'hygi\u00e8ne bucco-dentaire amusante et efficace pour les plus petits.<\/p>","protected":false},"featured_media":7636,"comment_status":"open","ping_status":"closed","template":"","meta":[],"product_brand":[50],"product_cat":[55],"product_tag":[],"class_list":{"0":"post-7236","1":"product","2":"type-product","3":"status-publish","4":"has-post-thumbnail","6":"product_brand-dxn","7":"product_cat-personal-care","9":"first","10":"instock","11":"taxable","12":"shipping-taxable","13":"purchasable","14":"product-type-simple"},"_links":{"self":[{"href":"https:\/\/nujumsahara.com\/fr\/wp-json\/wp\/v2\/product\/7236","targetHints":{"allow":["GET"]}}],"collection":[{"href":"https:\/\/nujumsahara.com\/fr\/wp-json\/wp\/v2\/product"}],"about":[{"href":"https:\/\/nujumsahara.com\/fr\/wp-json\/wp\/v2\/types\/product"}],"replies":[{"embeddable":true,"href":"https:\/\/nujumsahara.com\/fr\/wp-json\/wp\/v2\/comments?post=7236"}],"wp:featuredmedia":[{"embeddable":true,"href":"https:\/\/nujumsahara.com\/fr\/wp-json\/wp\/v2\/media\/7636"}],"wp:attachment":[{"href":"https:\/\/nujumsahara.com\/fr\/wp-json\/wp\/v2\/media?parent=7236"}],"wp:term":[{"taxonomy":"product_brand","embeddable":true,"href":"https:\/\/nujumsahara.com\/fr\/wp-json\/wp\/v2\/product_brand?post=7236"},{"taxonomy":"product_cat","embeddable":true,"href":"https:\/\/nujumsahara.com\/fr\/wp-json\/wp\/v2\/product_cat?post=7236"},{"taxonomy":"product_tag","embeddable":true,"href":"https:\/\/nujumsahara.com\/fr\/wp-json\/wp\/v2\/product_tag?post=7236"}],"curies":[{"name":"wp","href":"https:\/\/api.w.org\/{rel}","templated":true}]}}