{"id":7237,"date":"2026-02-02T01:38:54","date_gmt":"2026-02-01T21:38:54","guid":{"rendered":"https:\/\/nujumsahara.com\/?post_type=product&#038;p=7237"},"modified":"2026-04-02T15:30:33","modified_gmt":"2026-04-02T11:30:33","slug":"vinaigrette-700ml","status":"publish","type":"product","link":"https:\/\/nujumsahara.com\/fr\/product\/vinaigrette-700ml\/","title":{"rendered":"Vinaigrette 700ml"},"content":{"rendered":"<p>DXN Vinaigrette est un vinaigre de riz de la soci\u00e9t\u00e9 DXN, infus\u00e9 avec de l'extrait de Ganoderma lucidum (champignon Lingzhi), souvent m\u00e9lang\u00e9 avec du miel pour la douceur et les avantages suppl\u00e9mentaires, offrant une vinaigrette nutritive et naturellement ferment\u00e9e pour les salades, les marinades et les boissons saines, soutenant la digestion et l'immunit\u00e9.<br \/>\n<strong>Caract\u00e9ristiques principales :<\/strong><br \/>\nPrincipaux ingr\u00e9dients : Fabriqu\u00e9 \u00e0 partir de vinaigre de riz s\u00e9lectionn\u00e9 et de Ganoderma lucidum, parfois additionn\u00e9 de miel.<br \/>\nFermentation : Utilise des techniques traditionnelles, fermente pendant des ann\u00e9es pour pr\u00e9server la saveur et la qualit\u00e9, sans conservateurs artificiels.<br \/>\nAvantages pour la sant\u00e9 : Commercialis\u00e9 pour favoriser la digestion, le m\u00e9tabolisme et la sant\u00e9 immunitaire, et peut aider \u00e0 abaisser le taux de sucre dans le sang apr\u00e8s les repas.<br \/>\nUtilisations : Id\u00e9ale comme vinaigrette, marinade ou m\u00e9lang\u00e9e \u00e0 du jus de fruit pour une boisson saine.<br \/>\nVariantes : Disponible en version originale (avec Ganoderma) et en version avec miel (DXN Vinaigrette Miel).<br \/>\n<strong>Comment l'utiliser :<\/strong><br \/>\nVinaigrette pour salade : Une alternative simple et saine aux vinaigrettes du commerce.<br \/>\nMarinades : Ajoute une saveur piquante et terreuse aux viandes et aux l\u00e9gumes.<br \/>\nBoisson sant\u00e9 : Peut \u00eatre dilu\u00e9 dans de l'eau ou m\u00e9lang\u00e9 \u00e0 du jus pour un tonique rafra\u00eechissant.<\/p>","protected":false},"excerpt":{"rendered":"<p>DXN Vinaigrette est un vinaigre de riz de la soci\u00e9t\u00e9 DXN, infus\u00e9 avec de l'extrait de Ganoderma lucidum (champignon Lingzhi), souvent m\u00e9lang\u00e9 avec du miel pour la douceur et les avantages suppl\u00e9mentaires, offrant une vinaigrette nutritive et naturellement ferment\u00e9e pour les salades, les marinades et les boissons saines, soutenant la digestion et l'immunit\u00e9.<\/p>","protected":false},"featured_media":7637,"comment_status":"open","ping_status":"closed","template":"","meta":[],"product_brand":[50],"product_cat":[54],"product_tag":[],"class_list":{"0":"post-7237","1":"product","2":"type-product","3":"status-publish","4":"has-post-thumbnail","6":"product_brand-dxn","7":"product_cat-food-beverages","9":"first","10":"instock","11":"taxable","12":"shipping-taxable","13":"purchasable","14":"product-type-simple"},"_links":{"self":[{"href":"https:\/\/nujumsahara.com\/fr\/wp-json\/wp\/v2\/product\/7237","targetHints":{"allow":["GET"]}}],"collection":[{"href":"https:\/\/nujumsahara.com\/fr\/wp-json\/wp\/v2\/product"}],"about":[{"href":"https:\/\/nujumsahara.com\/fr\/wp-json\/wp\/v2\/types\/product"}],"replies":[{"embeddable":true,"href":"https:\/\/nujumsahara.com\/fr\/wp-json\/wp\/v2\/comments?post=7237"}],"wp:featuredmedia":[{"embeddable":true,"href":"https:\/\/nujumsahara.com\/fr\/wp-json\/wp\/v2\/media\/7637"}],"wp:attachment":[{"href":"https:\/\/nujumsahara.com\/fr\/wp-json\/wp\/v2\/media?parent=7237"}],"wp:term":[{"taxonomy":"product_brand","embeddable":true,"href":"https:\/\/nujumsahara.com\/fr\/wp-json\/wp\/v2\/product_brand?post=7237"},{"taxonomy":"product_cat","embeddable":true,"href":"https:\/\/nujumsahara.com\/fr\/wp-json\/wp\/v2\/product_cat?post=7237"},{"taxonomy":"product_tag","embeddable":true,"href":"https:\/\/nujumsahara.com\/fr\/wp-json\/wp\/v2\/product_tag?post=7237"}],"curies":[{"name":"wp","href":"https:\/\/api.w.org\/{rel}","templated":true}]}}