{"id":7238,"date":"2026-02-02T01:38:54","date_gmt":"2026-02-01T21:38:54","guid":{"rendered":"https:\/\/nujumsahara.com\/?post_type=product&#038;p=7238"},"modified":"2026-04-02T15:31:16","modified_gmt":"2026-04-02T11:31:16","slug":"zhi-mint-plus","status":"publish","type":"product","link":"https:\/\/nujumsahara.com\/fr\/product\/zhi-mint-plus\/","title":{"rendered":"Zhi Mint Plus"},"content":{"rendered":"<p>DXN Zhi Mint Plus est un bonbon sans sucre, aromatis\u00e9 \u00e0 la menthe, con\u00e7u pour rafra\u00eechir instantan\u00e9ment l'haleine et soulager la gorge. Il contient un m\u00e9lange d'huile de menthe poivr\u00e9e, de maltitol (\u00e9dulcorant) et d'extrait de Ganoderma pour une exp\u00e9rience fra\u00eeche et revigorante, ce qui le rend pratique \u00e0 utiliser n'importe o\u00f9 et n'importe quand.<br \/>\n<strong>Principales caract\u00e9ristiques et avantages :<\/strong><br \/>\nFra\u00eecheur instantan\u00e9e : Une haleine fra\u00eeche et fra\u00eeche pour une plus grande confiance en soi.<br \/>\nApaisement de la gorge : soulage l'irritation de la gorge.<br \/>\nSans sucre : sucr\u00e9 avec du maltitol, ce qui en fait une alternative plus saine.<br \/>\nInfusion de Ganoderma : Contient de l'extrait de Ganoderma, un champignon connu pour ses propri\u00e9t\u00e9s b\u00e9n\u00e9fiques pour la sant\u00e9.<br \/>\nPratique : Les sachets se pr\u00e9sentent sous forme de petits paquets portables (souvent 12 sachets par bo\u00eete) pour une utilisation en d\u00e9placement.<br \/>\n<strong>Ingr\u00e9dients :<\/strong><br \/>\nMaltitol (\u00e9dulcorant)<br \/>\nExtrait de Ganoderma<br \/>\nHuile de menthe poivr\u00e9e<br \/>\nConditionneur alimentaire autoris\u00e9 (comme le silicate de magn\u00e9sium).<br \/>\n<strong>Mode d'emploi :<\/strong><br \/>\nConsommer 1 \u00e0 2 bonbons selon les besoins pour une haleine fra\u00eeche ou un coup de fouet rapide.<br \/>\nIl s'agit essentiellement d'une menthe pratique \u00e0 base d'ingr\u00e9dients naturels pour l'hygi\u00e8ne et le confort bucco-dentaires, qui tire parti de l'ingr\u00e9dient Ganoderma, signature de DXN, pour des avantages suppl\u00e9mentaires.<\/p>","protected":false},"excerpt":{"rendered":"<p>DXN Zhi Mint Plus est un bonbon sans sucre, aromatis\u00e9 \u00e0 la menthe, con\u00e7u pour rafra\u00eechir instantan\u00e9ment l'haleine et soulager la gorge. Il contient un m\u00e9lange d'huile de menthe poivr\u00e9e, de maltitol (\u00e9dulcorant) et d'extrait de Ganoderma pour une exp\u00e9rience fra\u00eeche et revigorante, ce qui le rend pratique \u00e0 utiliser n'importe o\u00f9 et n'importe quand.<\/p>","protected":false},"featured_media":7644,"comment_status":"open","ping_status":"closed","template":"","meta":[],"product_brand":[50],"product_cat":[54],"product_tag":[],"class_list":{"0":"post-7238","1":"product","2":"type-product","3":"status-publish","4":"has-post-thumbnail","6":"product_brand-dxn","7":"product_cat-food-beverages","9":"first","10":"instock","11":"taxable","12":"shipping-taxable","13":"purchasable","14":"product-type-simple"},"_links":{"self":[{"href":"https:\/\/nujumsahara.com\/fr\/wp-json\/wp\/v2\/product\/7238","targetHints":{"allow":["GET"]}}],"collection":[{"href":"https:\/\/nujumsahara.com\/fr\/wp-json\/wp\/v2\/product"}],"about":[{"href":"https:\/\/nujumsahara.com\/fr\/wp-json\/wp\/v2\/types\/product"}],"replies":[{"embeddable":true,"href":"https:\/\/nujumsahara.com\/fr\/wp-json\/wp\/v2\/comments?post=7238"}],"wp:featuredmedia":[{"embeddable":true,"href":"https:\/\/nujumsahara.com\/fr\/wp-json\/wp\/v2\/media\/7644"}],"wp:attachment":[{"href":"https:\/\/nujumsahara.com\/fr\/wp-json\/wp\/v2\/media?parent=7238"}],"wp:term":[{"taxonomy":"product_brand","embeddable":true,"href":"https:\/\/nujumsahara.com\/fr\/wp-json\/wp\/v2\/product_brand?post=7238"},{"taxonomy":"product_cat","embeddable":true,"href":"https:\/\/nujumsahara.com\/fr\/wp-json\/wp\/v2\/product_cat?post=7238"},{"taxonomy":"product_tag","embeddable":true,"href":"https:\/\/nujumsahara.com\/fr\/wp-json\/wp\/v2\/product_tag?post=7238"}],"curies":[{"name":"wp","href":"https:\/\/api.w.org\/{rel}","templated":true}]}}