{"id":7239,"date":"2026-02-02T01:38:54","date_gmt":"2026-02-01T21:38:54","guid":{"rendered":"https:\/\/nujumsahara.com\/?post_type=product&#038;p=7239"},"modified":"2026-03-19T04:57:08","modified_gmt":"2026-03-19T00:57:08","slug":"dentifrice-zhicare","status":"publish","type":"product","link":"https:\/\/nujumsahara.com\/fr\/product\/zhicare-toothpaste\/","title":{"rendered":"Dentifrice Zhicare"},"content":{"rendered":"<p>Le dentifrice Zhicare de DXN est un dentifrice naturel sans fluor de DXN, formul\u00e9 avec des extraits de plantes comme le ganoderma, la menthe poivr\u00e9e, l'aloe vera, l'arbre \u00e0 th\u00e9, le clou de girofle et la cannelle, con\u00e7u pour nettoyer les dents, rafra\u00eechir l'haleine et favoriser la sant\u00e9 g\u00e9n\u00e9rale des gencives sans produits chimiques agressifs, ce qui le rend adapt\u00e9 \u00e0 toute la famille, y compris aux gencives sensibles, et offre des avantages tels que la r\u00e9duction de l'inflammation et de la mauvaise haleine.<br \/>\n<strong>Principaux ingr\u00e9dients et avantages :<\/strong><br \/>\nGanoderma : Champignon m\u00e9dicinal connu pour ses bienfaits potentiels sur la sant\u00e9, favorisant la sant\u00e9 bucco-dentaire.<br \/>\nMenthe poivr\u00e9e et huile de menthe : procurent une sensation de fra\u00eecheur et une haleine durablement fra\u00eeche.<br \/>\nAloe Vera : Apaise les gencives et contribue au confort bucco-dentaire g\u00e9n\u00e9ral.<br \/>\nArbre \u00e0 th\u00e9 et cannelle : Offrent des propri\u00e9t\u00e9s antibact\u00e9riennes et anti-inflammatoires.<br \/>\nBourgeon de girofle : Connu pour ses qualit\u00e9s anti-douleur et antiseptiques.<br \/>\nSt\u00e9via : Un \u00e9dulcorant naturel, \u00e9vitant les sucres artificiels.<br \/>\n<strong>Ce qu'il fait :<\/strong><br \/>\nNettoie les dents en douceur et \u00e9limine les taches superficielles.<br \/>\nRafra\u00eechit l'haleine.<br \/>\nApaise l'inflammation des gencives et favorise la cicatrisation.<br \/>\nRenforce les dents et pr\u00e9vient les probl\u00e8mes bucco-dentaires courants.<br \/>\n<strong>Pour qui ?<\/strong><br \/>\nToute personne \u00e0 la recherche d'un produit d'hygi\u00e8ne bucco-dentaire naturel et sans produits chimiques.<br \/>\nLes personnes ayant des gencives ou des dents sensibles.<br \/>\nEnfants et adultes.<br \/>\nEssentiellement, DXN Zhicare est un dentifrice \u00e0 base de plantes qui met l'accent sur les ingr\u00e9dients naturels pour un soin bucco-dentaire complet et doux, et qui diff\u00e8re de nombreux dentifrices conventionnels par l'absence de fluor et d'abrasifs agressifs.<\/p>","protected":false},"excerpt":{"rendered":"<p>Le dentifrice Zhicare de DXN est un dentifrice naturel sans fluor de DXN, formul\u00e9 avec des extraits de plantes comme le ganoderma, la menthe poivr\u00e9e, l'aloe vera, l'arbre \u00e0 th\u00e9, le clou de girofle et la cannelle, con\u00e7u pour nettoyer les dents, rafra\u00eechir l'haleine et favoriser la sant\u00e9 g\u00e9n\u00e9rale des gencives sans produits chimiques agressifs, ce qui le rend adapt\u00e9 \u00e0 toute la famille, y compris aux gencives sensibles, et offre des avantages tels que la r\u00e9duction de l'inflammation et de la mauvaise haleine.<\/p>","protected":false},"featured_media":7643,"comment_status":"open","ping_status":"closed","template":"","meta":[],"product_brand":[50],"product_cat":[55],"product_tag":[],"class_list":{"0":"post-7239","1":"product","2":"type-product","3":"status-publish","4":"has-post-thumbnail","6":"product_brand-dxn","7":"product_cat-personal-care","9":"first","10":"instock","11":"taxable","12":"shipping-taxable","13":"purchasable","14":"product-type-simple"},"_links":{"self":[{"href":"https:\/\/nujumsahara.com\/fr\/wp-json\/wp\/v2\/product\/7239","targetHints":{"allow":["GET"]}}],"collection":[{"href":"https:\/\/nujumsahara.com\/fr\/wp-json\/wp\/v2\/product"}],"about":[{"href":"https:\/\/nujumsahara.com\/fr\/wp-json\/wp\/v2\/types\/product"}],"replies":[{"embeddable":true,"href":"https:\/\/nujumsahara.com\/fr\/wp-json\/wp\/v2\/comments?post=7239"}],"wp:featuredmedia":[{"embeddable":true,"href":"https:\/\/nujumsahara.com\/fr\/wp-json\/wp\/v2\/media\/7643"}],"wp:attachment":[{"href":"https:\/\/nujumsahara.com\/fr\/wp-json\/wp\/v2\/media?parent=7239"}],"wp:term":[{"taxonomy":"product_brand","embeddable":true,"href":"https:\/\/nujumsahara.com\/fr\/wp-json\/wp\/v2\/product_brand?post=7239"},{"taxonomy":"product_cat","embeddable":true,"href":"https:\/\/nujumsahara.com\/fr\/wp-json\/wp\/v2\/product_cat?post=7239"},{"taxonomy":"product_tag","embeddable":true,"href":"https:\/\/nujumsahara.com\/fr\/wp-json\/wp\/v2\/product_tag?post=7239"}],"curies":[{"name":"wp","href":"https:\/\/api.w.org\/{rel}","templated":true}]}}