{"id":7265,"date":"2026-02-02T07:02:00","date_gmt":"2026-02-02T03:02:00","guid":{"rendered":"https:\/\/nujumsahara.com\/?post_type=product&#038;p=7265"},"modified":"2026-04-28T19:59:46","modified_gmt":"2026-04-28T15:59:46","slug":"parfum-fiza-pour-homme-50ml","status":"publish","type":"product","link":"https:\/\/nujumsahara.com\/fr\/product\/fiza-perfume-for-men-50ml\/","title":{"rendered":"FIZA Parfum (pour hommes) 50ml"},"content":{"rendered":"<p>DXN FIZA Perfume for Men est un parfum masculin de longue dur\u00e9e de DXN, pr\u00e9sentant un m\u00e9lange frais, bois\u00e9 et aromatique avec des notes de t\u00eate vertes, de bergamote et de citron, con\u00e7u pour laisser une impression m\u00e9morable avec son profil de senteur apaisante et durable.<br \/>\n<strong>Caract\u00e9ristiques principales<\/strong>:<br \/>\nProfil du parfum : Masculin, frais, bois\u00e9, aromatique.<br \/>\nNotes de t\u00eate : Vert, Bergamote, Citron.<br \/>\nSensation g\u00e9n\u00e9rale : Apaisante et durable.<br \/>\nMarque : Fait partie de la ligne de produits DXN, connue pour la sant\u00e9 et le bien-\u00eatre et s'\u00e9tendant aux soins personnels.<br \/>\nIl s'agit essentiellement d'un parfum frais, hesp\u00e9rid\u00e9 et bois\u00e9, con\u00e7u pour les hommes qui souhaitent un parfum signature \u00e0 la fois rafra\u00eechissant et suffisamment puissant pour durer toute la journ\u00e9e.<\/p>","protected":false},"excerpt":{"rendered":"<p>DXN FIZA Perfume for Men est un parfum masculin de longue dur\u00e9e de DXN, pr\u00e9sentant un m\u00e9lange frais, bois\u00e9 et aromatique avec des notes de t\u00eate vertes, de bergamote et de citron, con\u00e7u pour laisser une impression m\u00e9morable avec son profil de senteur apaisante et durable.<\/p>","protected":false},"featured_media":7573,"comment_status":"open","ping_status":"closed","template":"","meta":[],"product_brand":[50],"product_cat":[55],"product_tag":[],"class_list":{"0":"post-7265","1":"product","2":"type-product","3":"status-publish","4":"has-post-thumbnail","6":"product_brand-dxn","7":"product_cat-personal-care","9":"first","10":"instock","11":"taxable","12":"shipping-taxable","13":"purchasable","14":"product-type-simple"},"_links":{"self":[{"href":"https:\/\/nujumsahara.com\/fr\/wp-json\/wp\/v2\/product\/7265","targetHints":{"allow":["GET"]}}],"collection":[{"href":"https:\/\/nujumsahara.com\/fr\/wp-json\/wp\/v2\/product"}],"about":[{"href":"https:\/\/nujumsahara.com\/fr\/wp-json\/wp\/v2\/types\/product"}],"replies":[{"embeddable":true,"href":"https:\/\/nujumsahara.com\/fr\/wp-json\/wp\/v2\/comments?post=7265"}],"wp:featuredmedia":[{"embeddable":true,"href":"https:\/\/nujumsahara.com\/fr\/wp-json\/wp\/v2\/media\/7573"}],"wp:attachment":[{"href":"https:\/\/nujumsahara.com\/fr\/wp-json\/wp\/v2\/media?parent=7265"}],"wp:term":[{"taxonomy":"product_brand","embeddable":true,"href":"https:\/\/nujumsahara.com\/fr\/wp-json\/wp\/v2\/product_brand?post=7265"},{"taxonomy":"product_cat","embeddable":true,"href":"https:\/\/nujumsahara.com\/fr\/wp-json\/wp\/v2\/product_cat?post=7265"},{"taxonomy":"product_tag","embeddable":true,"href":"https:\/\/nujumsahara.com\/fr\/wp-json\/wp\/v2\/product_tag?post=7265"}],"curies":[{"name":"wp","href":"https:\/\/api.w.org\/{rel}","templated":true}]}}