{"id":7286,"date":"2026-02-04T04:52:15","date_gmt":"2026-02-04T00:52:15","guid":{"rendered":"https:\/\/nujumsahara.com\/?post_type=product&#038;p=7286"},"modified":"2026-04-02T16:25:22","modified_gmt":"2026-04-02T12:25:22","slug":"trousse-de-toilette-ganozhi","status":"publish","type":"product","link":"https:\/\/nujumsahara.com\/fr\/product\/ganozhi-toiletries-travel-kit\/","title":{"rendered":"Trousse de toilette Ganozhi"},"content":{"rendered":"<p>La trousse de toilette de voyage Ganozhi de DXN est un ensemble compact de produits de soins personnels infus\u00e9s \u00e0 l'extrait de Ganoderma, approuv\u00e9 par le TSA, con\u00e7u pour les voyages, la salle de sport ou les d\u00e9placements de courte dur\u00e9e. Il comprend des flacons de 50 ml de shampooing et de mousse corporelle Ganozhi, ainsi qu'un tube de 40 g de dentifrice Ganozhi, offrant ainsi une solution d'hygi\u00e8ne pratique tout-en-un.<br \/>\n<strong>Principales caract\u00e9ristiques et avantages<\/strong>:<br \/>\nContenu : Contient 50 ml de shampooing Ganozhi, 50 ml de mousse corporelle Ganozhi et 40 g de dentifrice Ganozhi.<br \/>\nPratique : Compact, l\u00e9ger et conforme aux normes TSA, il est id\u00e9al pour les voyages, les sacs de sport ou les trousses d'urgence.<br \/>\nIngr\u00e9dients : Contient de l'extrait de Ganoderma lucidum (Reishi) pour un nettoyage et un soin bucco-dentaire naturels et doux.<br \/>\nConvient : Convient pour une utilisation quotidienne en voyage, assurant des routines de soins personnels coh\u00e9rentes.<br \/>\nPortabilit\u00e9 : Sp\u00e9cialement con\u00e7u dans un format \u00e9l\u00e9gant et pratique pour les personnes en d\u00e9placement.<br \/>\nCe kit offre un moyen pratique de d\u00e9couvrir les produits de soins personnels de DXN sans avoir \u00e0 transporter des contenants de taille normale.<\/p>\n\n\n<p><\/p>","protected":false},"excerpt":{"rendered":"<p>La trousse de toilette de voyage Ganozhi de DXN est un ensemble compact de produits de soins personnels infus\u00e9s \u00e0 l'extrait de Ganoderma, approuv\u00e9 par le TSA, con\u00e7u pour les voyages, la salle de sport ou les d\u00e9placements de courte dur\u00e9e. Il comprend des flacons de 50 ml de shampooing et de mousse corporelle Ganozhi, ainsi qu'un tube de 40 g de dentifrice Ganozhi, offrant ainsi une solution d'hygi\u00e8ne pratique tout-en-un.<\/p>","protected":false},"featured_media":7592,"comment_status":"open","ping_status":"closed","template":"","meta":[],"product_brand":[50],"product_cat":[55],"product_tag":[],"class_list":{"0":"post-7286","1":"product","2":"type-product","3":"status-publish","4":"has-post-thumbnail","6":"product_brand-dxn","7":"product_cat-personal-care","9":"first","10":"instock","11":"taxable","12":"shipping-taxable","13":"purchasable","14":"product-type-simple"},"_links":{"self":[{"href":"https:\/\/nujumsahara.com\/fr\/wp-json\/wp\/v2\/product\/7286","targetHints":{"allow":["GET"]}}],"collection":[{"href":"https:\/\/nujumsahara.com\/fr\/wp-json\/wp\/v2\/product"}],"about":[{"href":"https:\/\/nujumsahara.com\/fr\/wp-json\/wp\/v2\/types\/product"}],"replies":[{"embeddable":true,"href":"https:\/\/nujumsahara.com\/fr\/wp-json\/wp\/v2\/comments?post=7286"}],"wp:featuredmedia":[{"embeddable":true,"href":"https:\/\/nujumsahara.com\/fr\/wp-json\/wp\/v2\/media\/7592"}],"wp:attachment":[{"href":"https:\/\/nujumsahara.com\/fr\/wp-json\/wp\/v2\/media?parent=7286"}],"wp:term":[{"taxonomy":"product_brand","embeddable":true,"href":"https:\/\/nujumsahara.com\/fr\/wp-json\/wp\/v2\/product_brand?post=7286"},{"taxonomy":"product_cat","embeddable":true,"href":"https:\/\/nujumsahara.com\/fr\/wp-json\/wp\/v2\/product_cat?post=7286"},{"taxonomy":"product_tag","embeddable":true,"href":"https:\/\/nujumsahara.com\/fr\/wp-json\/wp\/v2\/product_tag?post=7286"}],"curies":[{"name":"wp","href":"https:\/\/api.w.org\/{rel}","templated":true}]}}