{"id":9684,"date":"2026-03-08T11:08:56","date_gmt":"2026-03-08T07:08:56","guid":{"rendered":"https:\/\/nujumsahara.com\/?post_type=product&#038;p=9684"},"modified":"2026-03-11T13:33:35","modified_gmt":"2026-03-11T09:33:35","slug":"lina-yobite","status":"publish","type":"product","link":"https:\/\/nujumsahara.com\/fr\/product\/lina-yobite\/","title":{"rendered":"Lina Yobite"},"content":{"rendered":"<p>DXN Lina Yobite est un en-cas nutritif lyophilis\u00e9 compos\u00e9 de yaourt m\u00e9lang\u00e9 \u00e0 de la spiruline, pr\u00e9sent\u00e9 sous forme de cubes croquants de la taille d'une bouch\u00e9e. Il s'agit d'un en-cas pratique, sans conservateur, qui contient des prot\u00e9ines, des vitamines et des min\u00e9raux favorisant la digestion et l'\u00e9nergie. Chaque paquet contient g\u00e9n\u00e9ralement 30 g.<\/p>\n\n\n\n<p><strong>D\u00e9tails cl\u00e9s sur DXN Lina Yobite<\/strong>:<br><strong>Ingr\u00e9dients<\/strong>: Un m\u00e9lange de yaourt naturel et de spiruline (une algue bleu-vert riche en nutriments).<br><strong>M\u00e9thode de production<\/strong>: Utilise une technique innovante de lyophilisation qui pr\u00e9serve les ar\u00f4mes naturels et la valeur nutritionnelle.<br><strong>Avantages pour la sant\u00e9<\/strong>: Soutient la sant\u00e9 du syst\u00e8me immunitaire, am\u00e9liore la digestion et constitue une source naturelle de prot\u00e9ines, de fer et de probiotiques.<br><strong>Emballage<\/strong>: Livr\u00e9 en sachets refermables de 30 g pour garantir la fra\u00eecheur.<br><strong>Utilisation<\/strong>: Une collation pr\u00eate \u00e0 consommer qui offre une \u201c\u00e9nergie nutritive \u00e0 chaque bouch\u00e9e\u201d.<\/p>\n\n\n\n<p><\/p>","protected":false},"excerpt":{"rendered":"<p>DXN Lina Yobite est un en-cas nutritif lyophilis\u00e9 compos\u00e9 de yaourt m\u00e9lang\u00e9 \u00e0 de la spiruline, pr\u00e9sent\u00e9 sous forme de cubes croquants de la taille d'une bouch\u00e9e. Il s'agit d'un en-cas pratique, sans conservateur, qui contient des prot\u00e9ines, des vitamines et des min\u00e9raux favorisant la digestion et l'\u00e9nergie. Chaque paquet contient g\u00e9n\u00e9ralement 30 g.<\/p>","protected":false},"featured_media":9687,"comment_status":"open","ping_status":"closed","template":"","meta":[],"product_brand":[50],"product_cat":[54],"product_tag":[],"class_list":{"0":"post-9684","1":"product","2":"type-product","3":"status-publish","4":"has-post-thumbnail","6":"product_brand-dxn","7":"product_cat-food-beverages","9":"first","10":"instock","11":"taxable","12":"shipping-taxable","13":"purchasable","14":"product-type-simple"},"_links":{"self":[{"href":"https:\/\/nujumsahara.com\/fr\/wp-json\/wp\/v2\/product\/9684","targetHints":{"allow":["GET"]}}],"collection":[{"href":"https:\/\/nujumsahara.com\/fr\/wp-json\/wp\/v2\/product"}],"about":[{"href":"https:\/\/nujumsahara.com\/fr\/wp-json\/wp\/v2\/types\/product"}],"replies":[{"embeddable":true,"href":"https:\/\/nujumsahara.com\/fr\/wp-json\/wp\/v2\/comments?post=9684"}],"wp:featuredmedia":[{"embeddable":true,"href":"https:\/\/nujumsahara.com\/fr\/wp-json\/wp\/v2\/media\/9687"}],"wp:attachment":[{"href":"https:\/\/nujumsahara.com\/fr\/wp-json\/wp\/v2\/media?parent=9684"}],"wp:term":[{"taxonomy":"product_brand","embeddable":true,"href":"https:\/\/nujumsahara.com\/fr\/wp-json\/wp\/v2\/product_brand?post=9684"},{"taxonomy":"product_cat","embeddable":true,"href":"https:\/\/nujumsahara.com\/fr\/wp-json\/wp\/v2\/product_cat?post=9684"},{"taxonomy":"product_tag","embeddable":true,"href":"https:\/\/nujumsahara.com\/fr\/wp-json\/wp\/v2\/product_tag?post=9684"}],"curies":[{"name":"wp","href":"https:\/\/api.w.org\/{rel}","templated":true}]}}