{"id":9685,"date":"2026-03-08T11:09:50","date_gmt":"2026-03-08T07:09:50","guid":{"rendered":"https:\/\/nujumsahara.com\/?post_type=product&#038;p=9685"},"modified":"2026-03-08T12:30:18","modified_gmt":"2026-03-08T08:30:18","slug":"zhi-yobite","status":"publish","type":"product","link":"https:\/\/nujumsahara.com\/fr\/product\/zhi-yobite\/","title":{"rendered":"Zhi Yobite"},"content":{"rendered":"<p>DXN Zhi Yobite est un en-cas de yaourt lyophilis\u00e9 croquant, infus\u00e9 de Ganoderma lucidum (champignon Reishi), con\u00e7u comme un en-cas sain, pratique et naturel. Ces cubes de la taille d'une bouch\u00e9e sont exempts de conservateurs et de colorants artificiels, et visent \u00e0 offrir une option d'en-cas nutritif sur le pouce.<\/p>\n\n\n\n<p><strong>Principales caract\u00e9ristiques et avantages<\/strong>:<br><strong>Ingr\u00e9dients<\/strong>: Contient du yaourt combin\u00e9 au Ganoderma, offrant une texture cr\u00e9meuse et des propri\u00e9t\u00e9s antioxydantes.<br><strong>Texture<\/strong>: Des cubes croquants, de la taille d'une bouch\u00e9e, cr\u00e9\u00e9s \u00e0 l'aide d'une technique de lyophilisation innovante qui pr\u00e9serve les ar\u00f4mes naturels.<br><strong>Commodit\u00e9<\/strong>: Emball\u00e9s dans des sachets zip de 30 g, refermables et faciles \u00e0 transporter.<br><strong>Objectif<\/strong>: Id\u00e9al pour un en-cas rapide et sain, ou pour stimuler l'\u00e9nergie.<\/p>\n\n\n\n<p>Il est souvent mentionn\u00e9 aux c\u00f4t\u00e9s de <strong>DXN Lina Yobite<\/strong>, qui est un produit similaire au cube de yaourt mais formul\u00e9 avec de la spiruline.<\/p>","protected":false},"excerpt":{"rendered":"<p>DXN Zhi Yobite est un en-cas de yaourt lyophilis\u00e9 croquant, infus\u00e9 de Ganoderma lucidum (champignon Reishi), con\u00e7u comme un en-cas sain, pratique et naturel. Ces cubes de la taille d'une bouch\u00e9e sont exempts de conservateurs et de colorants artificiels, et visent \u00e0 offrir une option d'en-cas nutritif sur le pouce.<\/p>","protected":false},"featured_media":9688,"comment_status":"open","ping_status":"closed","template":"","meta":[],"product_brand":[50],"product_cat":[54],"product_tag":[],"class_list":{"0":"post-9685","1":"product","2":"type-product","3":"status-publish","4":"has-post-thumbnail","6":"product_brand-dxn","7":"product_cat-food-beverages","9":"first","10":"instock","11":"taxable","12":"shipping-taxable","13":"purchasable","14":"product-type-simple"},"_links":{"self":[{"href":"https:\/\/nujumsahara.com\/fr\/wp-json\/wp\/v2\/product\/9685","targetHints":{"allow":["GET"]}}],"collection":[{"href":"https:\/\/nujumsahara.com\/fr\/wp-json\/wp\/v2\/product"}],"about":[{"href":"https:\/\/nujumsahara.com\/fr\/wp-json\/wp\/v2\/types\/product"}],"replies":[{"embeddable":true,"href":"https:\/\/nujumsahara.com\/fr\/wp-json\/wp\/v2\/comments?post=9685"}],"wp:featuredmedia":[{"embeddable":true,"href":"https:\/\/nujumsahara.com\/fr\/wp-json\/wp\/v2\/media\/9688"}],"wp:attachment":[{"href":"https:\/\/nujumsahara.com\/fr\/wp-json\/wp\/v2\/media?parent=9685"}],"wp:term":[{"taxonomy":"product_brand","embeddable":true,"href":"https:\/\/nujumsahara.com\/fr\/wp-json\/wp\/v2\/product_brand?post=9685"},{"taxonomy":"product_cat","embeddable":true,"href":"https:\/\/nujumsahara.com\/fr\/wp-json\/wp\/v2\/product_cat?post=9685"},{"taxonomy":"product_tag","embeddable":true,"href":"https:\/\/nujumsahara.com\/fr\/wp-json\/wp\/v2\/product_tag?post=9685"}],"curies":[{"name":"wp","href":"https:\/\/api.w.org\/{rel}","templated":true}]}}